{"id":83,"date":"2025-05-12T16:34:15","date_gmt":"2025-05-12T19:34:15","guid":{"rendered":"https:\/\/institutovalemais.com.br\/?page_id=83"},"modified":"2026-01-12T01:42:25","modified_gmt":"2026-01-12T04:42:25","slug":"contato","status":"publish","type":"page","link":"https:\/\/institutovalemais.com.br\/index.php\/contato\/","title":{"rendered":"Contato"},"content":{"rendered":"\n<p>Bem-vindo (a) ao Instituto Valemais! N\u00e3o deixe de nos acompanhar nas redes sociais e assinar nossa newsletter para ficar por dentro de todas as a\u00e7\u00f5es e eventos promovidos pelo instituto.<\/p>\n\n\n\n<p><strong>Email: <a href=\"mailto:institutovalemais@gmail.com\">institutovalemais@gmail.com<\/a><\/strong><\/p>\n\n\n\n<p><strong>Instagram: <\/strong><a href=\"https:\/\/www.instagram.com\/institutovalemais\/\">@InstitutoValemais<\/a><\/p>\n\n\n\n<p><strong>Youtube:<\/strong> <a href=\"https:\/\/www.youtube.com\/c\/InstitutoValemais_\/\\\">InstitutoValemais<\/a><\/p>\n\n\n\n<p><strong>Facebook:<\/strong> <a href=\"https:\/\/www.facebook.com\/InstitutoValemais\">InstitutoValemais<\/a><\/p>\n","protected":false},"excerpt":{"rendered":"<p>Bem-vindo (a) ao Instituto Valemais! N\u00e3o deixe de nos acompanhar nas redes sociais e assinar nossa newsletter para ficar por dentro de todas as a\u00e7\u00f5es e eventos promovidos pelo instituto. Email: institutovalemais@gmail.com Instagram: @InstitutoValemais Youtube: InstitutoValemais Facebook: InstitutoValemais<\/p>\n","protected":false},"author":4,"featured_media":0,"parent":0,"menu_order":0,"comment_status":"closed","ping_status":"closed","template":"","meta":{"footnotes":""},"class_list":["post-83","page","type-page","status-publish","hentry"],"_links":{"self":[{"href":"https:\/\/institutovalemais.com.br\/index.php\/wp-json\/wp\/v2\/pages\/83","targetHints":{"allow":["GET"]}}],"collection":[{"href":"https:\/\/institutovalemais.com.br\/index.php\/wp-json\/wp\/v2\/pages"}],"about":[{"href":"https:\/\/institutovalemais.com.br\/index.php\/wp-json\/wp\/v2\/types\/page"}],"author":[{"embeddable":true,"href":"https:\/\/institutovalemais.com.br\/index.php\/wp-json\/wp\/v2\/users\/4"}],"replies":[{"embeddable":true,"href":"https:\/\/institutovalemais.com.br\/index.php\/wp-json\/wp\/v2\/comments?post=83"}],"version-history":[{"count":3,"href":"https:\/\/institutovalemais.com.br\/index.php\/wp-json\/wp\/v2\/pages\/83\/revisions"}],"predecessor-version":[{"id":1737,"href":"https:\/\/institutovalemais.com.br\/index.php\/wp-json\/wp\/v2\/pages\/83\/revisions\/1737"}],"wp:attachment":[{"href":"https:\/\/institutovalemais.com.br\/index.php\/wp-json\/wp\/v2\/media?parent=83"}],"curies":[{"name":"wp","href":"https:\/\/api.w.org\/{rel}","templated":true}]}}