{"id":136,"date":"2025-05-17T00:13:17","date_gmt":"2025-05-17T03:13:17","guid":{"rendered":"https:\/\/institutovalemais.com.br\/?page_id=136"},"modified":"2026-01-12T09:40:53","modified_gmt":"2026-01-12T12:40:53","slug":"quem-somos","status":"publish","type":"page","link":"https:\/\/institutovalemais.com.br\/index.php\/quem-somos\/","title":{"rendered":"Quem Somos"},"content":{"rendered":"\n<p>O Instituto Sociocultural Valemais&nbsp;\u00e9 uma Organiza\u00e7\u00e3o da Sociedade Civil \u2013OSC, criado em 06 de janeiro de 2002, com o prop\u00f3sito de valorizar, preservar e difundir a cultura popular brasileira. Desde ent\u00e3o, atua no fortalecimento das manifesta\u00e7\u00f5es art\u00edsticas tradicionais e na promo\u00e7\u00e3o da inclus\u00e3o social por meio da cultura, heran\u00e7a viva que pulsa nos tambores, na cultura popular, nas cantigas e gestos de um povo que transforma hist\u00f3ria em arte.<\/p>\n\n\n\n<p>Entre seus objetivos est\u00e3o a defesa do patrim\u00f4nio hist\u00f3rico e art\u00edstico e o est\u00edmulo \u00e0s express\u00f5es culturais regionais. O Instituto tamb\u00e9m investe na educa\u00e7\u00e3o, incentiva a produ\u00e7\u00e3o art\u00edstica e apoia os fazedores de cultura, garantindo a transmiss\u00e3o de saberes e pr\u00e1ticas para as pr\u00f3ximas gera\u00e7\u00f5es.<\/p>\n\n\n\n<p>Desde sua cria\u00e7\u00e3o, o VALEMAIS, tem promovido uma s\u00e9rie de iniciativas que refor\u00e7am a identidade cultural brasileira. Realiza festivais, mostras, feiras, oficinas, semin\u00e1rios e exposi\u00e7\u00f5es, reunindo artistas, artes\u00e3os, pesquisadores e o p\u00fablico em geral em a\u00e7\u00f5es educativas e de pesquisa, reafirmando seu compromisso com o acesso \u00e0 cultura como direito e ferramenta de transforma\u00e7\u00e3o.<\/p>\n\n\n\n<p>Em 2011, sua atua\u00e7\u00e3o foi reconhecida pela Assembleia Legislativa de Minas Gerais, que declarou o Valemais, organiza\u00e7\u00e3o de utilidade p\u00fablica. Em 2012 a C\u00e2mara de Vereadores de Belo Horizonte aprovou lei no mesmo sentido. J\u00e1 em 2024&nbsp;foi reconhecido como Ponto de Cultura pelo Minist\u00e9rio da Cultura.<\/p>\n\n\n\n<h2 class=\"wp-block-heading\"><strong>Mi<\/strong><strong>ss\u00e3o<\/strong><\/h2>\n\n\n\n<p>A nossa miss\u00e3o \u00e9 preservar e difundir a cultura popular, fomentar a educa\u00e7\u00e3o e a prote\u00e7\u00e3o ao meio ambiente, fortalecendo as manifesta\u00e7\u00f5es art\u00edsticas tradicionais por meio de festivais, mostras, feiras, oficinas, semin\u00e1rios, debates, cursos e exposi\u00e7\u00f5es, criando uma ponte entre artistas, artes\u00e3os\/artes\u00e3s, pesquisadores e p\u00fablico.<\/p>\n\n\n\n<h2 class=\"wp-block-heading\"><strong>Vis\u00e3o<\/strong><\/h2>\n\n\n\n<p>Participar e contribuir ativamente para o fortalecimento, o reconhecimento e a difus\u00e3o da cultura popular em toda sua diversidade, entendendo que as comunidades e os grupos art\u00edsticos s\u00e3o os representantes, os guardi\u00f5es e renovadores desta cultura.&nbsp;Uma sociedade s\u00f3 pode se desenvolver em plenitude preservando sua mem\u00f3ria, permitindo que as novas gera\u00e7\u00f5es tenham acesso ao patrim\u00f4nio art\u00edstico cultural. O acesso \u00e0 cultura \u00e9 uma importante ferramenta de transforma\u00e7\u00e3o social e assegura que pr\u00e1ticas e saberes populares sejam preservados e perpetuados.<\/p>\n\n\n\n<h2 class=\"wp-block-heading\">&nbsp;<strong>Valores<\/strong><\/h2>\n\n\n\n<ol class=\"wp-block-list\">\n<li><strong>Valoriza\u00e7\u00e3o da Cultura Popular<\/strong><br>&nbsp;Compromisso com a preserva\u00e7\u00e3o, fortalecimento e difus\u00e3o das manifesta\u00e7\u00f5es art\u00edsticas e culturais tradicionais do Brasil.<\/li>\n\n\n\n<li><strong>Inclus\u00e3o Social por Meio da Cultura<\/strong><br>&nbsp;Promo\u00e7\u00e3o do acesso \u00e0 cultura como ferramenta de transforma\u00e7\u00e3o social, garantindo que diferentes p\u00fablicos, especialmente os mais vulner\u00e1veis, possam se reconhecer e participar das atividades culturais.<\/li>\n\n\n\n<li><strong>Educa\u00e7\u00e3o e Transmiss\u00e3o de Saberes<\/strong><br>&nbsp;Promo\u00e7\u00e3o da educa\u00e7\u00e3o cultural e da troca de conhecimentos entre gera\u00e7\u00f5es, assegurando que pr\u00e1ticas e saberes populares sejam preservados e perpetuados.<\/li>\n\n\n\n<li><strong>Apoio aos Fazedores de Cultura<\/strong><br>&nbsp;Valoriza\u00e7\u00e3o e incentivo aos artistas, artes\u00e3os e demais agentes culturais, reconhecendo seu papel central na constru\u00e7\u00e3o e manuten\u00e7\u00e3o da identidade cultural brasileira.<\/li>\n\n\n\n<li><strong>Compromisso com o Patrim\u00f4nio Hist\u00f3rico e Art\u00edstico<\/strong><br>&nbsp;Pesquisa e conserva\u00e7\u00e3o do patrim\u00f4nio cultural, hist\u00f3rico e art\u00edstico, contribuindo para a mem\u00f3ria coletiva e a identidade das comunidades.<\/li>\n\n\n\n<li><strong>Democratiza\u00e7\u00e3o do Acesso \u00e0 Cultura<\/strong><br>&nbsp;Promo\u00e7\u00e3o de eventos, forma\u00e7\u00f5es e a\u00e7\u00f5es que ampliem o acesso \u00e0 arte e \u00e0 cultura, estimulando a participa\u00e7\u00e3o ativa da sociedade em atividades culturais diversas.<\/li>\n<\/ol>\n\n\n\n<h2 class=\"wp-block-heading\"><strong>Principais eventos <\/strong><strong>realizados pelo <\/strong><strong>Valemais<\/strong><strong> e em parceria<\/strong><strong>:<\/strong><\/h2>\n\n\n\n<ul class=\"wp-block-list\">\n<li>Quando o Jequitinhonha Canta e Dan\u00e7a<\/li>\n\n\n\n<li>Encontro dos Vales \u2013 Cultura e Sabores<\/li>\n\n\n\n<li>Semin\u00e1rio de Cultura Popular \u2013 Tecendo a Rede de Artesanato do Vale do Jequitinhonha<\/li>\n\n\n\n<li>Feiras de Artesanato do Vale do Jequitinhonha<\/li>\n\n\n\n<li>Programa M\u00fasica Minas<\/li>\n\n\n\n<li>Campanha de Populariza\u00e7\u00e3o da M\u00fasica de Minas Gerais<\/li>\n\n\n\n<li>Mostra Mucuri Musical<\/li>\n\n\n\n<li>Festivale&nbsp;\u2013 Festival de Cultura Popular do Vale do Jequitinhonha<\/li>\n\n\n\n<li>Mucuriarte&nbsp;\u2013 Festival de Cultura Popular do Vale do Mucuri<\/li>\n\n\n\n<li>Viva o Vale!<\/li>\n\n\n\n<li>Selo comemorativo dos Correios em homenagem a Dona Izabel Mendes<\/li>\n\n\n\n<li>Nosso Canto Valemais Jequitinhonha<\/li>\n\n\n\n<li>Viola de Feira<\/li>\n\n\n\n<li>Arruma\u00e7\u00e3o 35 anos<\/li>\n<\/ul>\n\n\n\n<div class=\"wp-block-buttons is-layout-flex wp-block-buttons-is-layout-flex\">\n<div class=\"wp-block-button\"><a class=\"wp-block-button__link wp-element-button\" href=\"https:\/\/institutovalemais.com.br\/wp-content\/uploads\/2025\/06\/Valemais_PORTFOLIO.pdf\">Conhe\u00e7a o Nosso Curr\u00edculo<\/a><\/div>\n<\/div>\n\n\n\n<h2 class=\"wp-block-heading\"><strong>Equipe<\/strong> (Mandato 2023 a 2028)<\/h2>\n\n\n\n<p><strong>Diretor Executivo<\/strong> \u2013<strong> LUIZ GONZAGA MEDEIROS<\/strong><\/p>\n\n\n\n<p><strong>Diretor Executivo Adjunto \u2013 <\/strong><strong>EDWARD JENNER DE FARIA<\/strong><\/p>\n\n\n\n<p><strong>Diretor Financeiro <\/strong><strong>\u2013<\/strong><strong>FRANCISCO PEREIRA DAMASCENO<\/strong><strong>,<\/strong><\/p>\n\n\n\n<p><strong>Diretor Financeiro Adjunto \u2013<\/strong><strong>ROZANA SOARES DOS SANTOS<\/strong><\/p>\n\n\n\n<p><strong>Diretor Administrativo \u2013 <\/strong><strong>JO\u00c3O ROBERTO <\/strong><strong>DE SOUZA SILVA<\/strong><\/p>\n\n\n\n<p><strong>Diretor Administrativ<\/strong><strong>o<\/strong><strong> Adjunt<\/strong><strong>o<\/strong><strong> &#8211;<\/strong>&nbsp;<strong>EDUARDO DOS SANTOS MACEDO<\/strong><\/p>\n\n\n\n<p><strong>CONSELHO FISCAL \/ <\/strong><strong>Membros Efetivos<\/strong>: <strong>VILMAR OLIVEIRA DE JESUS<\/strong><strong>, MANOEL MENDES JARDIM, CARLOS ROBERTO CORDEIRO<\/strong><strong> (em mem\u00f3ria)<\/strong><strong>.<\/strong><\/p>\n\n\n\n<p><strong>CONSELHO FISCAL (Membros Suplentes<\/strong>):&nbsp;<strong>LUIZ CL\u00c1UDIO BENTO RODRIGUES<\/strong>, <strong>MARISA RIBEIRO DE CARVALHO<\/strong>, <strong>CARLOS AUGUSTO DE FARIAS<\/strong><strong>.<\/strong>&nbsp;<\/p>\n","protected":false},"excerpt":{"rendered":"<p>O Instituto Sociocultural Valemais&nbsp;\u00e9 uma Organiza\u00e7\u00e3o da Sociedade Civil \u2013OSC, criado em 06 de janeiro de 2002, com o prop\u00f3sito de valorizar, preservar e difundir a cultura popular brasileira. Desde ent\u00e3o, atua no fortalecimento das manifesta\u00e7\u00f5es art\u00edsticas tradicionais e na promo\u00e7\u00e3o da inclus\u00e3o social por meio da cultura, heran\u00e7a viva que pulsa nos tambores, na [&hellip;]<\/p>\n","protected":false},"author":4,"featured_media":0,"parent":0,"menu_order":0,"comment_status":"closed","ping_status":"closed","template":"","meta":{"footnotes":""},"class_list":["post-136","page","type-page","status-publish","hentry"],"_links":{"self":[{"href":"https:\/\/institutovalemais.com.br\/index.php\/wp-json\/wp\/v2\/pages\/136","targetHints":{"allow":["GET"]}}],"collection":[{"href":"https:\/\/institutovalemais.com.br\/index.php\/wp-json\/wp\/v2\/pages"}],"about":[{"href":"https:\/\/institutovalemais.com.br\/index.php\/wp-json\/wp\/v2\/types\/page"}],"author":[{"embeddable":true,"href":"https:\/\/institutovalemais.com.br\/index.php\/wp-json\/wp\/v2\/users\/4"}],"replies":[{"embeddable":true,"href":"https:\/\/institutovalemais.com.br\/index.php\/wp-json\/wp\/v2\/comments?post=136"}],"version-history":[{"count":19,"href":"https:\/\/institutovalemais.com.br\/index.php\/wp-json\/wp\/v2\/pages\/136\/revisions"}],"predecessor-version":[{"id":1739,"href":"https:\/\/institutovalemais.com.br\/index.php\/wp-json\/wp\/v2\/pages\/136\/revisions\/1739"}],"wp:attachment":[{"href":"https:\/\/institutovalemais.com.br\/index.php\/wp-json\/wp\/v2\/media?parent=136"}],"curies":[{"name":"wp","href":"https:\/\/api.w.org\/{rel}","templated":true}]}}