{"id":107,"date":"2025-05-12T17:35:23","date_gmt":"2025-05-12T20:35:23","guid":{"rendered":"https:\/\/institutovalemais.com.br\/?page_id=107"},"modified":"2025-07-07T11:31:38","modified_gmt":"2025-07-07T14:31:38","slug":"doacoes","status":"publish","type":"page","link":"https:\/\/institutovalemais.com.br\/index.php\/doacoes\/","title":{"rendered":"Doa\u00e7\u00f5es"},"content":{"rendered":"\n<p>Transforme seu Imposto de Renda em A\u00e7\u00e3o Social!<br>Voc\u00ea sabia que pode destinar parte do seu Imposto de Renda devido para projetos que transformam vidas? No Instituto Sociocultural Valemais, seu apoio se converte em educa\u00e7\u00e3o, cultura e oportunidades para quem mais precisa.<\/p>\n\n\n\n<p>Com a sua doa\u00e7\u00e3o, seja via Imposto de Renda ou outros recursos, voc\u00ea ajuda a construir um futuro mais justo e solid\u00e1rio. Cada contribui\u00e7\u00e3o faz a diferen\u00e7a!<br>Fa\u00e7a a sua parte! Consulte-nos e saiba como direcionar seu imposto ou fazer uma doa\u00e7\u00e3o diretamente. Juntos, podemos ir al\u00e9m!<br><\/p>\n\n\n\n<p>institutovalemais@gmail.com<br>Instituto Sociocultural Valemais \u2013 Transformando vidas com a sua ajuda.<\/p>\n","protected":false},"excerpt":{"rendered":"<p>Transforme seu Imposto de Renda em A\u00e7\u00e3o Social!Voc\u00ea sabia que pode destinar parte do seu Imposto de Renda devido para projetos que transformam vidas? No Instituto Sociocultural Valemais, seu apoio se converte em educa\u00e7\u00e3o, cultura e oportunidades para quem mais precisa. Com a sua doa\u00e7\u00e3o, seja via Imposto de Renda ou outros recursos, voc\u00ea ajuda [&hellip;]<\/p>\n","protected":false},"author":4,"featured_media":0,"parent":0,"menu_order":0,"comment_status":"closed","ping_status":"closed","template":"","meta":{"footnotes":""},"class_list":["post-107","page","type-page","status-publish","hentry"],"_links":{"self":[{"href":"https:\/\/institutovalemais.com.br\/index.php\/wp-json\/wp\/v2\/pages\/107","targetHints":{"allow":["GET"]}}],"collection":[{"href":"https:\/\/institutovalemais.com.br\/index.php\/wp-json\/wp\/v2\/pages"}],"about":[{"href":"https:\/\/institutovalemais.com.br\/index.php\/wp-json\/wp\/v2\/types\/page"}],"author":[{"embeddable":true,"href":"https:\/\/institutovalemais.com.br\/index.php\/wp-json\/wp\/v2\/users\/4"}],"replies":[{"embeddable":true,"href":"https:\/\/institutovalemais.com.br\/index.php\/wp-json\/wp\/v2\/comments?post=107"}],"version-history":[{"count":2,"href":"https:\/\/institutovalemais.com.br\/index.php\/wp-json\/wp\/v2\/pages\/107\/revisions"}],"predecessor-version":[{"id":1282,"href":"https:\/\/institutovalemais.com.br\/index.php\/wp-json\/wp\/v2\/pages\/107\/revisions\/1282"}],"wp:attachment":[{"href":"https:\/\/institutovalemais.com.br\/index.php\/wp-json\/wp\/v2\/media?parent=107"}],"curies":[{"name":"wp","href":"https:\/\/api.w.org\/{rel}","templated":true}]}}