{"id":1009,"date":"2025-06-13T14:18:22","date_gmt":"2025-06-13T17:18:22","guid":{"rendered":"https:\/\/institutovalemais.com.br\/?page_id=1009"},"modified":"2025-12-04T11:38:59","modified_gmt":"2025-12-04T14:38:59","slug":"transparencia","status":"publish","type":"page","link":"https:\/\/institutovalemais.com.br\/index.php\/transparencia\/","title":{"rendered":"Transpar\u00eancia"},"content":{"rendered":"\n<p>Em conformidade com a determina\u00e7\u00e3o do Supremo Tribunal Federal, no \u00e2mbito da Argui\u00e7\u00e3o de Descumprimento de Preceito Fundamental (ADPF) 854, e em respeito \u00e0s diretrizes de transpar\u00eancia na execu\u00e7\u00e3o de emendas parlamentares, informamos que todas as emendas destinadas \u00e0 nossa institui\u00e7\u00e3o ser\u00e3o divulgadas publicamente neste espa\u00e7o.<\/p>\n\n\n\n<p>Para cada emenda, ser\u00e3o apresentados os seguintes t\u00f3picos: institui\u00e7\u00e3o benefici\u00e1ria, n\u00famero e autoria da emenda, valor total da parceria, situa\u00e7\u00e3o dos valores liberados, n\u00famero e \u00f3rg\u00e3o concedente do termo de fomento, data de assinatura, objeto da parceria, situa\u00e7\u00e3o da presta\u00e7\u00e3o de contas, informa\u00e7\u00f5es sobre remunera\u00e7\u00e3o da equipe quando aplic\u00e1vel e data de publica\u00e7\u00e3o da \u00edntegra do termo. As informa\u00e7\u00f5es ser\u00e3o atualizadas de forma cont\u00ednua, garantindo publicidade, acesso \u00e0 informa\u00e7\u00e3o e acompanhamento por toda a sociedade.<\/p>\n","protected":false},"excerpt":{"rendered":"<p>Em conformidade com a determina\u00e7\u00e3o do Supremo Tribunal Federal, no \u00e2mbito da Argui\u00e7\u00e3o de Descumprimento de Preceito Fundamental (ADPF) 854, e em respeito \u00e0s diretrizes de transpar\u00eancia na execu\u00e7\u00e3o de emendas parlamentares, informamos que todas as emendas destinadas \u00e0 nossa institui\u00e7\u00e3o ser\u00e3o divulgadas publicamente neste espa\u00e7o. Para cada emenda, ser\u00e3o apresentados os seguintes t\u00f3picos: institui\u00e7\u00e3o [&hellip;]<\/p>\n","protected":false},"author":4,"featured_media":0,"parent":0,"menu_order":0,"comment_status":"closed","ping_status":"closed","template":"","meta":{"footnotes":""},"class_list":["post-1009","page","type-page","status-publish","hentry"],"_links":{"self":[{"href":"https:\/\/institutovalemais.com.br\/index.php\/wp-json\/wp\/v2\/pages\/1009","targetHints":{"allow":["GET"]}}],"collection":[{"href":"https:\/\/institutovalemais.com.br\/index.php\/wp-json\/wp\/v2\/pages"}],"about":[{"href":"https:\/\/institutovalemais.com.br\/index.php\/wp-json\/wp\/v2\/types\/page"}],"author":[{"embeddable":true,"href":"https:\/\/institutovalemais.com.br\/index.php\/wp-json\/wp\/v2\/users\/4"}],"replies":[{"embeddable":true,"href":"https:\/\/institutovalemais.com.br\/index.php\/wp-json\/wp\/v2\/comments?post=1009"}],"version-history":[{"count":5,"href":"https:\/\/institutovalemais.com.br\/index.php\/wp-json\/wp\/v2\/pages\/1009\/revisions"}],"predecessor-version":[{"id":1729,"href":"https:\/\/institutovalemais.com.br\/index.php\/wp-json\/wp\/v2\/pages\/1009\/revisions\/1729"}],"wp:attachment":[{"href":"https:\/\/institutovalemais.com.br\/index.php\/wp-json\/wp\/v2\/media?parent=1009"}],"curies":[{"name":"wp","href":"https:\/\/api.w.org\/{rel}","templated":true}]}}